{"id":112,"date":"2022-06-01T07:54:03","date_gmt":"2022-06-01T05:54:03","guid":{"rendered":"http:\/\/repacking.hu\/?page_id=112"},"modified":"2022-06-01T17:26:26","modified_gmt":"2022-06-01T15:26:26","slug":"kezdolap","status":"publish","type":"page","link":"https:\/\/repacking.hu\/","title":{"rendered":"Kezd\u0151lap"},"content":{"rendered":"<h2>Informatika<\/h2>\n<h6>Sz\u00e1m\u00edt\u00f3g\u00e9pek, laptopok jav\u00edt\u00e1sa<br \/>\nAlkatr\u00e9sz \u00e9rt\u00e9kes\u00edt\u00e9s<br \/>\nInformatikai szaktan\u00e1csad\u00e1s<br \/>\nRendszergazdai szolg\u00e1ltat\u00e1sok<br \/>\nWeb hoszting<\/h6>\n<p>\t\t\t<a href=\"https:\/\/pcmarkt.hu\" role=\"button\"><br \/>\n\t\t\t\t\t\tBel\u00e9p\u00e9s az oldalra<br \/>\n\t\t\t\t\t<\/a><\/p>\n<h2>Ipari Informatika<\/h2>\n<h6>Csomagol\u00f3g\u00e9pek, automata m\u00e9rlegek jav\u00edt\u00e1sa, karbantart\u00e1sa<\/h6>\n<p>\t\t\t<a href=\"#\" role=\"button\"><br \/>\n\t\t\t\t\t\tMen\u00fc<br \/>\n\t\t\t\t\t<\/a><br \/>\n\t\t\t\t\t\t\t\t\t\t\t\t\t\t\t<img decoding=\"async\" width=\"630\" height=\"350\" src=\"https:\/\/repacking.hu\/wp-content\/uploads\/2021\/10\/160624-ai.png\" alt=\"\" loading=\"lazy\" srcset=\"https:\/\/repacking.hu\/wp-content\/uploads\/2021\/10\/160624-ai.png 630w, https:\/\/repacking.hu\/wp-content\/uploads\/2021\/10\/160624-ai-300x167.png 300w\" sizes=\"auto, (max-width: 630px) 100vw, 630px\" \/>\t\t\t\t\t\t\t\t\t\t\t\t\t\t\t<\/p>\n<h2>Informatika<\/h2>\n<h6>Sz\u00e1m\u00edt\u00f3g\u00e9pek, laptopok jav\u00edt\u00e1sa<br \/>\nAlkatr\u00e9sz \u00e9rt\u00e9kes\u00edt\u00e9s<br \/>\nInformatikai szaktan\u00e1csad\u00e1s<br \/>\nRendszergazdai szolg\u00e1ltat\u00e1sok<br \/>\nWeb hoszting<\/h6>\n<h2>Ipari Informatika<\/h2>\n<h6>Csomagol\u00f3g\u00e9pek, automata m\u00e9rlegek jav\u00edt\u00e1sa, karbantart\u00e1sa<\/h6>\n<p>\t\t\t<a href=\"#\" role=\"button\"><br \/>\n\t\t\t\t\t\tRead More<br \/>\n\t\t\t\t\t<\/a><\/p>\n","protected":false},"excerpt":{"rendered":"<p>Informatika Sz\u00e1m\u00edt\u00f3g\u00e9pek, laptopok jav\u00edt\u00e1sa Alkatr\u00e9sz \u00e9rt\u00e9kes\u00edt\u00e9s Informatikai szaktan\u00e1csad\u00e1s Rendszergazdai szolg\u00e1ltat\u00e1sok Web hoszting Bel\u00e9p\u00e9s az oldalra Ipari Informatika Csomagol\u00f3g\u00e9pek, automata m\u00e9rlegek jav\u00edt\u00e1sa, karbantart\u00e1sa Men\u00fc Informatika Sz\u00e1m\u00edt\u00f3g\u00e9pek, laptopok jav\u00edt\u00e1sa Alkatr\u00e9sz \u00e9rt\u00e9kes\u00edt\u00e9s Informatikai szaktan\u00e1csad\u00e1s Rendszergazdai szolg\u00e1ltat\u00e1sok Web hoszting Ipari Informatika Csomagol\u00f3g\u00e9pek, automata m\u00e9rlegek jav\u00edt\u00e1sa, karbantart\u00e1sa Read More<\/p>\n","protected":false},"author":1,"featured_media":0,"parent":0,"menu_order":0,"comment_status":"closed","ping_status":"closed","template":"","meta":{"footnotes":""},"class_list":["post-112","page","type-page","status-publish","hentry"],"yoast_head":"<!-- This site is optimized with the Yoast SEO plugin v27.1.1 - https:\/\/yoast.com\/product\/yoast-seo-wordpress\/ -->\n<title>Kezd\u0151lap - My CMS<\/title>\n<meta name=\"description\" content=\"informatika Kezd\u0151lap My CMS\" \/>\n<meta name=\"robots\" content=\"index, follow, max-snippet:-1, max-image-preview:large, max-video-preview:-1\" \/>\n<link rel=\"canonical\" href=\"https:\/\/repacking.hu\/\" \/>\n<meta property=\"og:locale\" content=\"en_US\" \/>\n<meta property=\"og:type\" content=\"article\" \/>\n<meta property=\"og:title\" content=\"Kezd\u0151lap - My CMS\" \/>\n<meta property=\"og:description\" content=\"informatika Kezd\u0151lap My CMS\" \/>\n<meta property=\"og:url\" content=\"https:\/\/repacking.hu\/\" \/>\n<meta property=\"og:site_name\" content=\"My CMS\" \/>\n<meta property=\"article:modified_time\" content=\"2022-06-01T15:26:26+00:00\" \/>\n<meta property=\"og:image\" content=\"https:\/\/repacking.hu\/wp-content\/uploads\/2021\/10\/160624-ai.png\" \/>\n<meta name=\"twitter:card\" content=\"summary_large_image\" \/>\n<meta name=\"twitter:label1\" content=\"Est. reading time\" \/>\n\t<meta name=\"twitter:data1\" content=\"1 minute\" \/>\n<script type=\"application\/ld+json\" class=\"yoast-schema-graph\">{\"@context\":\"https:\/\/schema.org\",\"@graph\":[{\"@type\":\"WebPage\",\"@id\":\"https:\/\/repacking.hu\/\",\"url\":\"https:\/\/repacking.hu\/\",\"name\":\"Kezd\u0151lap - My CMS\",\"isPartOf\":{\"@id\":\"https:\/\/repacking.hu\/#website\"},\"primaryImageOfPage\":{\"@id\":\"https:\/\/repacking.hu\/#primaryimage\"},\"image\":{\"@id\":\"https:\/\/repacking.hu\/#primaryimage\"},\"thumbnailUrl\":\"https:\/\/repacking.hu\/wp-content\/uploads\/2021\/10\/160624-ai.png\",\"datePublished\":\"2022-06-01T05:54:03+00:00\",\"dateModified\":\"2022-06-01T15:26:26+00:00\",\"description\":\"informatika Kezd\u0151lap My CMS\",\"breadcrumb\":{\"@id\":\"https:\/\/repacking.hu\/#breadcrumb\"},\"inLanguage\":\"en-US\",\"potentialAction\":[{\"@type\":\"ReadAction\",\"target\":[\"https:\/\/repacking.hu\/\"]}]},{\"@type\":\"ImageObject\",\"inLanguage\":\"en-US\",\"@id\":\"https:\/\/repacking.hu\/#primaryimage\",\"url\":\"https:\/\/repacking.hu\/wp-content\/uploads\/2021\/10\/160624-ai.png\",\"contentUrl\":\"https:\/\/repacking.hu\/wp-content\/uploads\/2021\/10\/160624-ai.png\",\"width\":630,\"height\":350},{\"@type\":\"BreadcrumbList\",\"@id\":\"https:\/\/repacking.hu\/#breadcrumb\",\"itemListElement\":[{\"@type\":\"ListItem\",\"position\":1,\"name\":\"Kezd\u0151lap\",\"item\":\"https:\/\/repacking.hu\/\"},{\"@type\":\"ListItem\",\"position\":2,\"name\":\"Kezd\u0151lap\"}]},{\"@type\":\"WebSite\",\"@id\":\"https:\/\/repacking.hu\/#website\",\"url\":\"https:\/\/repacking.hu\/\",\"name\":\"A dolgok vil\u00e1ga\",\"description\":\"Csomagol\u00e1stechnika\",\"publisher\":{\"@id\":\"https:\/\/repacking.hu\/#organization\"},\"potentialAction\":[{\"@type\":\"SearchAction\",\"target\":{\"@type\":\"EntryPoint\",\"urlTemplate\":\"https:\/\/repacking.hu\/?s={search_term_string}\"},\"query-input\":{\"@type\":\"PropertyValueSpecification\",\"valueRequired\":true,\"valueName\":\"search_term_string\"}}],\"inLanguage\":\"en-US\"},{\"@type\":\"Organization\",\"@id\":\"https:\/\/repacking.hu\/#organization\",\"name\":\"Repacking Kft\",\"url\":\"https:\/\/repacking.hu\/\",\"logo\":{\"@type\":\"ImageObject\",\"inLanguage\":\"en-US\",\"@id\":\"https:\/\/repacking.hu\/#\/schema\/logo\/image\/\",\"url\":\"https:\/\/repacking.hu\/wp-content\/uploads\/2021\/10\/RePacKing-emblema.png\",\"contentUrl\":\"https:\/\/repacking.hu\/wp-content\/uploads\/2021\/10\/RePacKing-emblema.png\",\"width\":2116,\"height\":423,\"caption\":\"Repacking Kft\"},\"image\":{\"@id\":\"https:\/\/repacking.hu\/#\/schema\/logo\/image\/\"}}]}<\/script>\n<!-- \/ Yoast SEO plugin. -->","yoast_head_json":{"title":"Kezd\u0151lap - My CMS","description":"informatika Kezd\u0151lap My CMS","robots":{"index":"index","follow":"follow","max-snippet":"max-snippet:-1","max-image-preview":"max-image-preview:large","max-video-preview":"max-video-preview:-1"},"canonical":"https:\/\/repacking.hu\/","og_locale":"en_US","og_type":"article","og_title":"Kezd\u0151lap - My CMS","og_description":"informatika Kezd\u0151lap My CMS","og_url":"https:\/\/repacking.hu\/","og_site_name":"My CMS","article_modified_time":"2022-06-01T15:26:26+00:00","og_image":[{"url":"https:\/\/repacking.hu\/wp-content\/uploads\/2021\/10\/160624-ai.png","type":"","width":"","height":""}],"twitter_card":"summary_large_image","twitter_misc":{"Est. reading time":"1 minute"},"schema":{"@context":"https:\/\/schema.org","@graph":[{"@type":"WebPage","@id":"https:\/\/repacking.hu\/","url":"https:\/\/repacking.hu\/","name":"Kezd\u0151lap - My CMS","isPartOf":{"@id":"https:\/\/repacking.hu\/#website"},"primaryImageOfPage":{"@id":"https:\/\/repacking.hu\/#primaryimage"},"image":{"@id":"https:\/\/repacking.hu\/#primaryimage"},"thumbnailUrl":"https:\/\/repacking.hu\/wp-content\/uploads\/2021\/10\/160624-ai.png","datePublished":"2022-06-01T05:54:03+00:00","dateModified":"2022-06-01T15:26:26+00:00","description":"informatika Kezd\u0151lap My CMS","breadcrumb":{"@id":"https:\/\/repacking.hu\/#breadcrumb"},"inLanguage":"en-US","potentialAction":[{"@type":"ReadAction","target":["https:\/\/repacking.hu\/"]}]},{"@type":"ImageObject","inLanguage":"en-US","@id":"https:\/\/repacking.hu\/#primaryimage","url":"https:\/\/repacking.hu\/wp-content\/uploads\/2021\/10\/160624-ai.png","contentUrl":"https:\/\/repacking.hu\/wp-content\/uploads\/2021\/10\/160624-ai.png","width":630,"height":350},{"@type":"BreadcrumbList","@id":"https:\/\/repacking.hu\/#breadcrumb","itemListElement":[{"@type":"ListItem","position":1,"name":"Kezd\u0151lap","item":"https:\/\/repacking.hu\/"},{"@type":"ListItem","position":2,"name":"Kezd\u0151lap"}]},{"@type":"WebSite","@id":"https:\/\/repacking.hu\/#website","url":"https:\/\/repacking.hu\/","name":"A dolgok vil\u00e1ga","description":"Csomagol\u00e1stechnika","publisher":{"@id":"https:\/\/repacking.hu\/#organization"},"potentialAction":[{"@type":"SearchAction","target":{"@type":"EntryPoint","urlTemplate":"https:\/\/repacking.hu\/?s={search_term_string}"},"query-input":{"@type":"PropertyValueSpecification","valueRequired":true,"valueName":"search_term_string"}}],"inLanguage":"en-US"},{"@type":"Organization","@id":"https:\/\/repacking.hu\/#organization","name":"Repacking Kft","url":"https:\/\/repacking.hu\/","logo":{"@type":"ImageObject","inLanguage":"en-US","@id":"https:\/\/repacking.hu\/#\/schema\/logo\/image\/","url":"https:\/\/repacking.hu\/wp-content\/uploads\/2021\/10\/RePacKing-emblema.png","contentUrl":"https:\/\/repacking.hu\/wp-content\/uploads\/2021\/10\/RePacKing-emblema.png","width":2116,"height":423,"caption":"Repacking Kft"},"image":{"@id":"https:\/\/repacking.hu\/#\/schema\/logo\/image\/"}}]}},"_links":{"self":[{"href":"https:\/\/repacking.hu\/index.php?rest_route=\/wp\/v2\/pages\/112","targetHints":{"allow":["GET"]}}],"collection":[{"href":"https:\/\/repacking.hu\/index.php?rest_route=\/wp\/v2\/pages"}],"about":[{"href":"https:\/\/repacking.hu\/index.php?rest_route=\/wp\/v2\/types\/page"}],"author":[{"embeddable":true,"href":"https:\/\/repacking.hu\/index.php?rest_route=\/wp\/v2\/users\/1"}],"replies":[{"embeddable":true,"href":"https:\/\/repacking.hu\/index.php?rest_route=%2Fwp%2Fv2%2Fcomments&post=112"}],"version-history":[{"count":52,"href":"https:\/\/repacking.hu\/index.php?rest_route=\/wp\/v2\/pages\/112\/revisions"}],"predecessor-version":[{"id":200,"href":"https:\/\/repacking.hu\/index.php?rest_route=\/wp\/v2\/pages\/112\/revisions\/200"}],"wp:attachment":[{"href":"https:\/\/repacking.hu\/index.php?rest_route=%2Fwp%2Fv2%2Fmedia&parent=112"}],"curies":[{"name":"wp","href":"https:\/\/api.w.org\/{rel}","templated":true}]}}